{"id":27,"date":"2021-08-07T23:24:27","date_gmt":"2021-08-07T21:24:27","guid":{"rendered":"http:\/\/ve-w.at\/?page_id=27"},"modified":"2025-05-08T15:42:11","modified_gmt":"2025-05-08T13:42:11","slug":"about-us","status":"publish","type":"page","link":"https:\/\/ve-w.at\/?page_id=27","title":{"rendered":"ABOUT US"},"content":{"rendered":"<p>Mit der Saison 2021\/22 erhielt die Liga nach ihrer eigentlichen Ausrichtung eine neutrale, jedoch sinnstiftende Namensgebung \u201eVerbandsunabh\u00e4ngige Eishockeyliga Wien\u201c (VEW) und trat die unmittelbare Nachfolge der Eisner Auto Hockey League (EAHL) an. Zuvor existierte die EAHL seit der Saison 2011\/12, diese war wiederum aus der jahrelang ausgetragenen Just for Fun Liga (JFFL) und der zuvor f\u00fcnf Jahre lang existierenden Centimeter Hockey League (CHL) hervorgegangen.<\/p>\n<p>Hobby-Eishockeyspielern aller verschiedenen (aber vornehmlich niedriger) Leistungsstufen soll es erm\u00f6glicht werden, in einer freundschaftlichen Atmosph\u00e4re &#8211; und unabh\u00e4ngig von einer Mitgliedschaft in einem Verband &#8211; kompetitives Eishockey zu betreiben.<\/p>\n<p>Die VEW wird einzig aus privaten Mitteln sowie mit der Unterst\u00fctzung von freiwilligen Helfern umgesetzt und vom Verein VFOSE (ZVR-Zahl 274906343) organisiert.<\/p>\n<p>EAHL Meister Saison 2011\/12 &#8211; Ice Maniacs<\/p>\n<p>EAHL Meister Saison 2012\/13 &#8211; Henkel Racoons<\/p>\n<p>EAHL Meister Saison 2013\/14 &#8211; Henkel Racoons<\/p>\n<p>EAHL Meister Saison 2014\/15 &#8211; EH FanatiK<\/p>\n<p>EAHL Division A Meister Saison 2015\/16 &#8211; EHC Vienna Wolves<br \/>\nEAHL Division B Meister Saison 2015\/16 &#8211; EHC Donaufeld Dragons<\/p>\n<p>EAHL Division A Meister Saison 2016\/17 &#8211; EH FanatiK<br \/>\nEAHL Division B Meister Saison 2016\/17 &#8211; EHC Muskrats<\/p>\n<p>EAHL Division A Meister Saison 2017\/18 &#8211; EHC Vienna Wookies<br \/>\nEAHL Division B Meister Saison 2017\/18 &#8211; EHV B\u00e4renbr\u00fcder I<br \/>\nEAHL Division C Meister Saison 2017\/18 &#8211; EHV B\u00e4renbr\u00fcder II<\/p>\n<p>EAHL Division A Meister Saison 2018\/19 &#8211; EH FanatiK I<br \/>\nEAHL Division B Meister Saison 2018\/19 &#8211; EHV B\u00e4renbr\u00fcder I<br \/>\nEAHL Division C Meister Saison 2018\/19 &#8211; E&amp;amp;K sunBlockers<\/p>\n<p>EAHL Division A Meister Saison 2019\/20 &#8211; EH FanatiK I<br \/>\nEAHL Division B Meister Saison 2019\/20 &#8211; EH FanatiK II<br \/>\nEAHL Division C Meister Saison 2019\/20 &#8211; EC T\u00dcV Marshals<\/p>\n<p>VEW Division A Meister Saison 2021\/22 &#8211; EH FanatiK I<br \/>\nVEW Division B Meister Saison 2021\/22 &#8211; EH FanatiK II<br \/>\nVEW Division C Meister Saison 2021\/22 &#8211; Vienna Icelines Eishockey<\/p>\n<p>VEW Division A Meister Saison 2022\/23 &#8211; Eishockey Club UNITED<br \/>\nVEW Division B Meister Saison 2022\/23 &#8211; Vienna Icelines Eishockey<br \/>\nVEW Division C Meister Saison 2022\/23 &#8211; Sharks Hockey<\/p>\n<p>VEW Division A Meister Saison 2023\/24 &#8211; EH FanatiK<br \/>\nVEW Division B Meister Saison 2023\/24 &#8211; Sharks Hockey<\/p>\n<p>VEW Division A Meister Saison 2024\/25 &#8211; EH FanatiK<br \/>\nVEW Division B Meister Saison 2024\/25 &#8211; EC Vienna University Totonka<br \/>\nVEW Division C Meister Saison 2024\/25 &#8211; Wiener Sport-Club Eishockey<\/p>\n<p>&nbsp;<\/p>\n","protected":false},"excerpt":{"rendered":"<p>Mit der Saison 2021\/22 erhielt die Liga nach ihrer eigentlichen Ausrichtung eine neutrale, jedoch sinnstiftende Namensgebung \u201eVerbandsunabh\u00e4ngige Eishockeyliga Wien\u201c (VEW) und trat die unmittelbare Nachfolge der Eisner Auto Hockey League (EAHL) an. Zuvor existierte die EAHL seit der Saison 2011\/12, diese war wiederum aus der jahrelang ausgetragenen Just for Fun Liga (JFFL) und der zuvor [&hellip;]<\/p>\n","protected":false},"author":1,"featured_media":0,"parent":0,"menu_order":0,"comment_status":"closed","ping_status":"closed","template":"template-fullwidth.php","meta":{"footnotes":""},"class_list":["post-27","page","type-page","status-publish","hentry"],"jetpack_sharing_enabled":true,"_links":{"self":[{"href":"https:\/\/ve-w.at\/index.php?rest_route=\/wp\/v2\/pages\/27","targetHints":{"allow":["GET"]}}],"collection":[{"href":"https:\/\/ve-w.at\/index.php?rest_route=\/wp\/v2\/pages"}],"about":[{"href":"https:\/\/ve-w.at\/index.php?rest_route=\/wp\/v2\/types\/page"}],"author":[{"embeddable":true,"href":"https:\/\/ve-w.at\/index.php?rest_route=\/wp\/v2\/users\/1"}],"replies":[{"embeddable":true,"href":"https:\/\/ve-w.at\/index.php?rest_route=%2Fwp%2Fv2%2Fcomments&post=27"}],"version-history":[{"count":10,"href":"https:\/\/ve-w.at\/index.php?rest_route=\/wp\/v2\/pages\/27\/revisions"}],"predecessor-version":[{"id":952,"href":"https:\/\/ve-w.at\/index.php?rest_route=\/wp\/v2\/pages\/27\/revisions\/952"}],"wp:attachment":[{"href":"https:\/\/ve-w.at\/index.php?rest_route=%2Fwp%2Fv2%2Fmedia&parent=27"}],"curies":[{"name":"wp","href":"https:\/\/api.w.org\/{rel}","templated":true}]}}